{"id":240,"date":"2018-03-11T23:16:51","date_gmt":"2018-03-11T22:16:51","guid":{"rendered":"http:\/\/www.systementertainment.com\/new\/?page_id=240"},"modified":"2018-04-08T17:15:25","modified_gmt":"2018-04-08T15:15:25","slug":"kafa-i-cigarete","status":"publish","type":"page","link":"https:\/\/www.systementertainment.com\/new\/kafa-i-cigarete\/","title":{"rendered":"Kafa i cigarete"},"content":{"rendered":"<p><body style=\"margin: 0px 0px 0px 0px; align: center\"><\/p>\n<div style=\"text-align: center;\">\n<p style=\"text-align: center\">\n<table cellpadding=\"0\" cellspacing=\"0\" style=\"border-width: 0; width: 100%\">\n<tr>\n<td style=\"border-width: 0; width: 48%;\" valign=\"top\">\n<table cellpadding=\"0\" cellspacing=\"0\" style=\"width: 100%; background-color: #0099FF; margin-bottom: 0px;\">\n<tr>\n<td style=\"color: #FFFFFF\"><b>EKIPA PREDSTAVE<\/b><\/td>\n<\/tr>\n<\/table>\n<\/td>\n<td style=\"border-width: 0; width: 4%;\" valign=\"top\">&nbsp;<\/td>\n<td style=\"border-width: 0; width: 48%;\" valign=\"top\">\n<table cellpadding=\"0\" cellspacing=\"0\" style=\"width: 100%; background-color: #0099FF\">\n<tr>\n<td style=\"color: #FFFFFF\"><b>TRAILER<\/b><\/td>\n<\/tr>\n<\/table>\n<\/td>\n<\/tr>\n<tr>\n<td style=\"border-width: 0; width: 48%;\" valign=\"top\">\n\t\tRe\u017eija: MIA KNE\u017dEVI\u0106<br \/>\n\t\tScenografija: Miljena Vu\u010dkovi\u0107<br \/>\n\t\tKostimografija: Dragica Lau\u0161evi\u0107<\/p>\n<p>\t\tIgraju:<br \/>\n\t\tIvana: MILICA MIHAJLOVI\u0106<br \/>\n\t\tRelja: NEBOJ\u0160A ILI\u0106<br \/>\n\t\tProfesor (Danilo): TIHOMIR STANI\u0106<br \/>\n\t\tAzra: DARA D\u017dOKI\u0106<br \/>\n\t\tMa\u0161a: MILICA TRIFUNOVI\u0106<br \/>\n\t\tStudent (On): MARKO GRABE\u017d<br \/>\n\t\tMilenko: SVETOZAR CVETKOVI\u0106&nbsp;<\/td>\n<td style=\"border-width: 0; width: 4%;\" valign=\"top\">&nbsp;<\/td>\n<td style=\"border-width: 0; width: 48%;\" valign=\"top\">\n<iframe loading=\"lazy\" width=\"560\" height=\"315\" src=\"https:\/\/www.youtube.com\/embed\/k0Rn8kcmSZE\" frameborder=\"0\" allow=\"autoplay; encrypted-media\" allowfullscreen><\/iframe>\n\t\t<\/td>\n<\/tr>\n<tr>\n<td style=\"border-width: 0\" valign=\"top\" colspan=\"3\">\n<table cellpadding=\"0\" cellspacing=\"0\" style=\"width: 100%; background-color: #0099FF; margin-bottom: 0px;\">\n<tr>\n<td style=\"color: #FFFFFF\"><b>O PREDSTAVI<\/b><\/td>\n<\/tr>\n<\/table>\n<p>Ve\u0107 sam naslov predstave KAFA I CIGARETE \u2013 POZDRAV IZ BEOGRADA jasno nagove\u0161tava da je re\u010d o svojevrsnom autorskom odjeku kultnog filma \u201cCoffee and Cigarettes\u201d, D\u017eima D\u017earmu\u0161a.<\/p>\n<p>Dramska pri\u010da i predstava, svojim sme\u0161tanjem na pozornicu ne \u017eeli da preimenuje pri\u010du filma, naprotiv \u2013 koriste\u0107i samo izvorni dramatur\u0161ki model, \u017eeli da sa publikom podeli sasvim li\u010dne teme, prepoznate u savremenom trenutku. I sve strepnje i sve nade koje iz tih tema proizilaze. Susreti \u2013 slu\u010dajni ili pri\u017eeljkivani; odlasci \u2013 \u017eeljeni ili iznu\u0111eni; neizvesnost svakog trenutka ka kome \u017eurimo, neminovnost svakog trenutka koji  nas o\u010dekuje\u2026 jednom re\u010dju sam \u017eivot, neizmerno bogat, satkan od nebrojeno mnogo slojeva i zna\u010denja,tuga i radosti, susreta i rastanaka \u2013 uz kafu i cigarete, mo\u017eda se mo\u017ee makar malo bolje razumeti..<\/td>\n<\/tr>\n<\/table>\n<\/p><\/div>\n<p><\/body><\/p>\n","protected":false},"excerpt":{"rendered":"<p>EKIPA PREDSTAVE &nbsp; TRAILER Re\u017eija: MIA KNE\u017dEVI\u0106 Scenografija: Miljena Vu\u010dkovi\u0107 Kostimografija: Dragica Lau\u0161evi\u0107 Igraju: Ivana: MILICA MIHAJLOVI\u0106 Relja: NEBOJ\u0160A ILI\u0106 Profesor (Danilo): TIHOMIR STANI\u0106 Azra: DARA D\u017dOKI\u0106 Ma\u0161a: MILICA TRIFUNOVI\u0106 Student (On): MARKO GRABE\u017d Milenko: SVETOZAR CVETKOVI\u0106&nbsp; &nbsp; O PREDSTAVI Ve\u0107 sam naslov predstave KAFA I CIGARETE \u2013 POZDRAV IZ BEOGRADA jasno nagove\u0161tava da je [&hellip;]<\/p>\n","protected":false},"author":1,"featured_media":0,"parent":0,"menu_order":0,"comment_status":"closed","ping_status":"closed","template":"","meta":[],"_links":{"self":[{"href":"https:\/\/www.systementertainment.com\/new\/wp-json\/wp\/v2\/pages\/240"}],"collection":[{"href":"https:\/\/www.systementertainment.com\/new\/wp-json\/wp\/v2\/pages"}],"about":[{"href":"https:\/\/www.systementertainment.com\/new\/wp-json\/wp\/v2\/types\/page"}],"author":[{"embeddable":true,"href":"https:\/\/www.systementertainment.com\/new\/wp-json\/wp\/v2\/users\/1"}],"replies":[{"embeddable":true,"href":"https:\/\/www.systementertainment.com\/new\/wp-json\/wp\/v2\/comments?post=240"}],"version-history":[{"count":10,"href":"https:\/\/www.systementertainment.com\/new\/wp-json\/wp\/v2\/pages\/240\/revisions"}],"predecessor-version":[{"id":255,"href":"https:\/\/www.systementertainment.com\/new\/wp-json\/wp\/v2\/pages\/240\/revisions\/255"}],"wp:attachment":[{"href":"https:\/\/www.systementertainment.com\/new\/wp-json\/wp\/v2\/media?parent=240"}],"curies":[{"name":"wp","href":"https:\/\/api.w.org\/{rel}","templated":true}]}}